{"id":929,"date":"2020-11-09T09:31:18","date_gmt":"2020-11-09T09:31:18","guid":{"rendered":"http:\/\/vibrefestival.com\/?page_id=929"},"modified":"2026-04-09T15:37:30","modified_gmt":"2026-04-09T15:37:30","slug":"booking","status":"publish","type":"page","link":"https:\/\/vibrefestival.com\/en\/festival-2021\/booking\/","title":{"rendered":"Booking"},"content":{"rendered":"<h2 class=\"p1\">Ticketing<\/h2>\n<hr \/>\n<div class=\"embed-container\">\n<div class=\"page\" title=\"Page 20\">\n<div class=\"section\">\n<div class=\"layoutArea\">\n<div class=\"column\">\n<p class=\"font-claude-response-body break-words whitespace-normal leading-[1.7]\">Reduced price: under 18s, students under 26, Conservatory students, job seekers, RSA recipients. Proof will be required at the entrance.<\/p>\n<p class=\"font-claude-response-body break-words whitespace-normal leading-[1.7]\"><strong>PASS Young Quartets Concerts: \u20ac30:<\/strong> Quartet Integra, Ast Quartet, Prometheus Quartet and Quatuor M\u00e9tamorphoses<\/p>\n<p><a class=\"shop_frame\" title=\"Vente de billets en ligne\" href=\"https:\/\/www.billetweb.fr\/multi_event.php?multi=44665&amp;color=ff521b\" target=\"_blank\" rel=\"noopener noreferrer\" data-src=\"https:\/\/www.billetweb.fr\/multi_event.php?multi=44665&amp;color=ff521b\" data-max-width=\"100%\" data-initial-height=\"600\" data-scrolling=\"no\" data-id=\"44665\" data-resize=\"1\">Vente de billets en ligne<\/a><script type=\"text\/javascript\" src=\"https:\/\/www.billetweb.fr\/js\/export.js\"><\/script><\/p>\n<h2>BOOKING INFO<\/h2>\n<h3><span style=\"color: #ff0000;\"><strong>Concerts presented in the Auditorium and Grand Th\u00e9\u00e2tre of the Op\u00e9ra National de Bordeaux<\/strong><\/span><\/h3>\n<p><strong>Reservations now open with <a href=\"https:\/\/onb.notre-billetterie.com\/billets?kld=2526\">ticket office of Op\u00e9ra National de Bordeaux<\/a><\/strong><\/p>\n<p><strong>On site :<\/strong> at the Grand-Th\u00e9\u00e2tre box office<br \/>\n<em>The switchboard is open Tuesday to Saturday from 1pm to 6.30pm.<\/em><\/p>\n<p><strong>By telephone :<\/strong> 05.56.00.85.95<br \/>\n<em>The opera teams will help you with your reservations (choice of shows, seating, etc.) from Tuesday to Saturday, 1 pm to 6 pm.<\/em><\/p>\n<p>&nbsp;<\/p>\n<p>&nbsp;<\/p>\n<\/div>\n<\/div>\n<\/div>\n<\/div>\n<div class=\"embed-container\">\n<div class=\"page\" title=\"Page 1\">\n<div class=\"layoutArea\">\n<div class=\"column\">\n<div class=\"page\" title=\"Page 20\">\n<div class=\"section\">\n<div class=\"layoutArea\">\n<div class=\"column\">\n<p>&nbsp;<\/p>\n<\/div>\n<\/div>\n<div class=\"layoutArea\">\n<div class=\"column\">\n<div title=\"Page 20\"><\/div>\n<\/div>\n<\/div>\n<\/div>\n<\/div>\n<\/div>\n<\/div>\n<\/div>\n<\/div>\n<\/div>\n","protected":false},"excerpt":{"rendered":"<p>Ticketing Reduced price: under 18s, students under 26, Conservatory students, job seekers, RSA recipients. Proof will be required at the entrance. PASS Young Quartets Concerts: \u20ac30: Quartet Integra, Ast Quartet, Prometheus Quartet and Quatuor M\u00e9tamorphoses Vente de billets en ligne BOOKING INFO Concerts presented in the Auditorium and Grand Th\u00e9\u00e2tre of the Op\u00e9ra National de [&hellip;]<\/p>\n","protected":false},"author":2,"featured_media":3222,"parent":920,"menu_order":6,"comment_status":"closed","ping_status":"closed","template":"","meta":[],"_links":{"self":[{"href":"https:\/\/vibrefestival.com\/en\/wp-json\/wp\/v2\/pages\/929"}],"collection":[{"href":"https:\/\/vibrefestival.com\/en\/wp-json\/wp\/v2\/pages"}],"about":[{"href":"https:\/\/vibrefestival.com\/en\/wp-json\/wp\/v2\/types\/page"}],"author":[{"embeddable":true,"href":"https:\/\/vibrefestival.com\/en\/wp-json\/wp\/v2\/users\/2"}],"replies":[{"embeddable":true,"href":"https:\/\/vibrefestival.com\/en\/wp-json\/wp\/v2\/comments?post=929"}],"version-history":[{"count":23,"href":"https:\/\/vibrefestival.com\/en\/wp-json\/wp\/v2\/pages\/929\/revisions"}],"predecessor-version":[{"id":4625,"href":"https:\/\/vibrefestival.com\/en\/wp-json\/wp\/v2\/pages\/929\/revisions\/4625"}],"up":[{"embeddable":true,"href":"https:\/\/vibrefestival.com\/en\/wp-json\/wp\/v2\/pages\/920"}],"wp:featuredmedia":[{"embeddable":true,"href":"https:\/\/vibrefestival.com\/en\/wp-json\/wp\/v2\/media\/3222"}],"wp:attachment":[{"href":"https:\/\/vibrefestival.com\/en\/wp-json\/wp\/v2\/media?parent=929"}],"curies":[{"name":"wp","href":"https:\/\/api.w.org\/{rel}","templated":true}]}}