{"id":908,"date":"2020-11-09T09:13:59","date_gmt":"2020-11-09T09:13:59","guid":{"rendered":"http:\/\/vibrefestival.com\/?page_id=908"},"modified":"2026-04-16T15:21:33","modified_gmt":"2026-04-16T15:21:33","slug":"project-and-team","status":"publish","type":"page","link":"https:\/\/vibrefestival.com\/en\/about\/project-and-team\/","title":{"rendered":"Project and team"},"content":{"rendered":"<div class=\"column\">\n<h2><strong>Project<\/strong><\/h2>\n<hr \/>\n<p class=\"p1\"><strong>Quatuors \u00e0 Bordeaux<\/strong> is the great annual meeting place for amateurs and professionals of the string quartet. A festival organised every spring gives way, once every three years, to the prestigious International String Quartet Competition.<\/p>\n<p class=\"p1\">Quatuors \u00e0 Bordeaux places <strong>young artists<\/strong> at the heart of its commitment, paying particular attention to the transmission (of knowledge and repertoire) as much as to the detection of the greatest talents of tomorrow.<\/p>\n<p class=\"p1\"><strong>High standards<\/strong> and <strong>openness<\/strong> are the two key words that guide this project:<\/p>\n<ul>\n<li>\n<p class=\"p1\"><strong>Artistic excellence<\/strong> is evident in the selection of candidates, in the composition of the jury, in the venues and in the partnerships set up.<\/p>\n<\/li>\n<li>\n<p class=\"p1\"><strong>Openness<\/strong> is a fundamental principle to ensure that the universal music of the string quartet and its immensely rich repertoire are accessible to the greatest number of people: openness to a variety of audiences, openness to places that are both classical and atypical, openness to different musical forms and genres, and finally openness to other artistic forms and disciplines.<\/p>\n<\/li>\n<\/ul>\n<h3><strong>The festival<\/strong><\/h3>\n<p class=\"p1\">Every year, it welcomes some of the most prestigious French and international string quartets for <strong>exceptional concerts<\/strong>.<\/p>\n<p class=\"p1\">The festival also offers <strong>conferences<\/strong> and <strong>screenings<\/strong> which are as many times of enrichment and exchanges. We hope that these moments will provide keys to understanding, to approach the string quartet from different angles, to evoke its links with other artistic disciplines, but also and above all to discover the richness of the repertoire for which all the great composers have written.<\/p>\n<p class=\"p1\">Finally, the festival is a time for <strong>pedagogy and work<\/strong>. Four of the most promising young quartets are invited to benefit from a <strong>specific accompaniment programme<\/strong> that meets the needs of young musicians at a pivotal moment in their careers, between the end of their studies and the beginning of their professional life. In addition to <strong>master classes<\/strong> (often public) with several great musicians, they benefit from the expertise of several speakers (including musicologist Jean-Michel MOLKHOU, physiotherapist and posturologist Antoine ZANGUI). The young artists are thus made aware of essential subjects (building up one&#8217;s repertoire, respecting the right postures, finding an instrument&#8230;) but too often neglected by traditional courses which focus above all on practice.<\/p>\n<p class=\"p1\">The four young guest quartets perform in concert during the festival.<\/p>\n<h3 class=\"p1\"><strong>The International String Quartet Competition<\/strong><\/h3>\n<p class=\"p1\">The Bordeaux International String Quartet Competition is one of the most renowned international competitions. Since its creation in 1999, the Bordeaux International String Quartet Competition has established itself as an ideal springboard for young musicians at the dawn of an international career. The competition sees itself above all as a link between these young virtuosos and the greatest musical scenes.<\/p>\n<p class=\"p1\">The competition seeks to reward artists who are complete and capable of making a mark on the future. Its high standards are based both on a prestigious jury, an international level of funding and extensive media coverage, as well as on the warm and friendly welcome of the organising team and the people of Bordeaux. The competition takes place entirely at the Bordeaux Auditorium, thanks to the close partnership set up with the Bordeaux National Opera.<\/p>\n<p>&nbsp;<\/p>\n<h2><strong>The team<\/strong><\/h2>\n<hr \/>\n<h3><strong>Art direction<\/strong><\/h3>\n<p class=\"p1\">The Modigliani Quartet is one of the most renowned classical music ensembles in France and abroad.<\/p>\n<p class=\"p1\">It plays every year in the most emblematic halls in the world such as Carnegie Hall, Wigmore Hall, the Philharmonie de Paris, the Th\u00e9\u00e2tre des Champs-Elys\u00e9es&#8230;<\/p>\n<p class=\"p1\">From 2020, he will be the artistic director of Quatuors in Bordeaux. Its members previously created the Festival of Saint-Paul de Vence in 2011 and relaunched the Rencontres Musicales d&#8217;Evian in 2014.\u00a0They are also artistic directors of the Arcachon Chamber Music Festival.<\/p>\n<h3><strong>Direction\u00a0<\/strong><\/h3>\n<p class=\"p1\">Julien Kieffer, who has been living in Bordeaux for nearly 20 years, has been a close collaborator of the quartet since its inception. Since 2020, he has been the new director of Quatuors \u00e0 Bordeaux.<\/p>\n<p class=\"p1\">He has also been the director of the Saint-Paul de Vence Music Festival since 2013. He is also the artistic director of the &#8220;Classique au Vert&#8221; Festival at the Parc Floral de Paris since 2019, and also coordinates the Arcachon Chamber Music Festival.<\/p>\n<p>Chantal MARTIN-PARDIGON collaborates closely with the work of the management as General Delegate of Quatuors in Bordeaux.<\/p>\n<h3><strong>Board of directors of the association Quatuors \u00e0 Bordeaux :<\/strong><\/h3>\n<ul>\n<li>Co &#8211; President : <strong>\u00c9lisabeth VIGN\u00c9<\/strong><\/li>\n<li>Co &#8211; President : <strong>Fran\u00e7ois HENROT<\/strong><\/li>\n<li>Vice Pr\u00e9sidents : <strong>Jean Fran\u00e7ois MOUEIX<\/strong> et <strong>Antoine TCHEKHOFF<\/strong><\/li>\n<li>Secretary General : <strong>Bernard LUMMEAUX<\/strong><\/li>\n<li>Treasurer : <strong>Charles CHEVALLIER<\/strong><\/li>\n<li>Members : <strong>Pierre-Marie CHAUVIN<\/strong>, <strong>Thierry FOUQUET<\/strong>, <strong>Alain MEUNIER<\/strong>, <strong>Alain PICHON<\/strong> et <strong>Daniel PICOTIN<\/strong><\/li>\n<\/ul>\n<h3><strong>L\u2019\u00e9quipe :<\/strong><\/h3>\n<div class=\"page\" title=\"Page 19\">\n<div class=\"section\">\n<div class=\"layoutArea\">\n<div class=\"column\">\n<ul>\n<li>Location Manager :\u00a0<strong>Tom GAYET<\/strong><\/li>\n<li>Press Officer :\u00a0<strong>Aline PO\u0302TE\u0301<\/strong><\/li>\n<li>Graphic designer :\u00a0<strong>Ce\u0301line MARTIN DUPONT<\/strong><\/li>\n<li>Administration :\u00a0<strong>Margot OGER<\/strong><\/li>\n<li>Production : <strong>Ang\u00e8le TACHET<\/strong><\/li>\n<li>Production : <strong>Nora LUPOAIN<\/strong><\/li>\n<li>Home musicians : <strong>Anai\u0308s PONTY<\/strong><\/li>\n<li>Communication :\u00a0<strong>Le\u0301a POE\u0308CKER<\/strong><\/li>\n<\/ul>\n<\/div>\n<\/div>\n<\/div>\n<\/div>\n<\/div>\n","protected":false},"excerpt":{"rendered":"<p>Project Quatuors \u00e0 Bordeaux is the great annual meeting place for amateurs and professionals of the string quartet. A festival organised every spring gives way, once every three years, to the prestigious International String Quartet Competition. Quatuors \u00e0 Bordeaux places young artists at the heart of its commitment, paying particular attention to the transmission (of [&hellip;]<\/p>\n","protected":false},"author":2,"featured_media":972,"parent":967,"menu_order":2,"comment_status":"closed","ping_status":"closed","template":"","meta":[],"_links":{"self":[{"href":"https:\/\/vibrefestival.com\/en\/wp-json\/wp\/v2\/pages\/908"}],"collection":[{"href":"https:\/\/vibrefestival.com\/en\/wp-json\/wp\/v2\/pages"}],"about":[{"href":"https:\/\/vibrefestival.com\/en\/wp-json\/wp\/v2\/types\/page"}],"author":[{"embeddable":true,"href":"https:\/\/vibrefestival.com\/en\/wp-json\/wp\/v2\/users\/2"}],"replies":[{"embeddable":true,"href":"https:\/\/vibrefestival.com\/en\/wp-json\/wp\/v2\/comments?post=908"}],"version-history":[{"count":13,"href":"https:\/\/vibrefestival.com\/en\/wp-json\/wp\/v2\/pages\/908\/revisions"}],"predecessor-version":[{"id":4637,"href":"https:\/\/vibrefestival.com\/en\/wp-json\/wp\/v2\/pages\/908\/revisions\/4637"}],"up":[{"embeddable":true,"href":"https:\/\/vibrefestival.com\/en\/wp-json\/wp\/v2\/pages\/967"}],"wp:featuredmedia":[{"embeddable":true,"href":"https:\/\/vibrefestival.com\/en\/wp-json\/wp\/v2\/media\/972"}],"wp:attachment":[{"href":"https:\/\/vibrefestival.com\/en\/wp-json\/wp\/v2\/media?parent=908"}],"curies":[{"name":"wp","href":"https:\/\/api.w.org\/{rel}","templated":true}]}}